{"id":265,"date":"2025-02-06T09:45:44","date_gmt":"2025-02-06T09:45:44","guid":{"rendered":"https:\/\/bbfavau.com\/?page_id=265"},"modified":"2025-03-05T11:17:41","modified_gmt":"2025-03-05T10:17:41","slug":"pratique","status":"publish","type":"page","link":"https:\/\/bbfavau.com\/fr\/praktisch\/","title":{"rendered":""},"content":{"rendered":"<div data-elementor-type=\"wp-page\" data-elementor-id=\"265\" class=\"elementor elementor-265\" data-elementor-post-type=\"page\">\n\t\t\t\t<div class=\"elementor-element elementor-element-951f1e0 e-flex e-con-boxed e-con e-parent\" data-id=\"951f1e0\" data-element_type=\"container\" data-e-type=\"container\" data-settings=\"{&quot;background_background&quot;:&quot;classic&quot;}\">\n\t\t\t\t\t<div class=\"e-con-inner\">\n\t\t<div class=\"elementor-element elementor-element-c634426 e-flex e-con-boxed e-con e-child\" data-id=\"c634426\" data-element_type=\"container\" data-e-type=\"container\">\n\t\t\t\t\t<div class=\"e-con-inner\">\n\t\t\t\t<div class=\"elementor-element elementor-element-dd9863f animated-slow elementor-invisible elementor-widget elementor-widget-heading\" data-id=\"dd9863f\" data-element_type=\"widget\" data-e-type=\"widget\" data-settings=\"{&quot;_animation&quot;:&quot;slideInUp&quot;}\" data-widget_type=\"heading.default\">\n\t\t\t\t<div class=\"elementor-widget-container\">\n\t\t\t\t\t<h2 class=\"elementor-heading-title elementor-size-default\">Bienvenue \u00e0 B&amp;B Favau<\/h2>\t\t\t\t<\/div>\n\t\t\t\t<\/div>\n\t\t\t\t<div class=\"elementor-element elementor-element-8c3acd2 animated-slow elementor-invisible elementor-widget elementor-widget-heading\" data-id=\"8c3acd2\" data-element_type=\"widget\" data-e-type=\"widget\" data-settings=\"{&quot;_animation&quot;:&quot;slideInUp&quot;}\" data-widget_type=\"heading.default\">\n\t\t\t\t<div class=\"elementor-widget-container\">\n\t\t\t\t\t<h2 class=\"elementor-heading-title elementor-size-default\">Pratique<\/h2>\t\t\t\t<\/div>\n\t\t\t\t<\/div>\n\t\t\t\t\t<\/div>\n\t\t\t\t<\/div>\n\t\t\t\t\t<\/div>\n\t\t\t\t<\/div>\n\t\t<div class=\"elementor-element elementor-element-1763048a e-flex e-con-boxed e-con e-parent\" data-id=\"1763048a\" data-element_type=\"container\" data-e-type=\"container\" data-settings=\"{&quot;background_background&quot;:&quot;classic&quot;}\">\n\t\t\t\t\t<div class=\"e-con-inner\">\n\t\t<div class=\"elementor-element elementor-element-5f62d420 e-con-full e-flex e-con e-child\" data-id=\"5f62d420\" data-element_type=\"container\" data-e-type=\"container\">\n\t\t\t\t<div class=\"elementor-element elementor-element-f2780cf elementor-widget__width-initial animated-slow elementor-widget-divider--view-line_text elementor-widget-divider--element-align-left elementor-widget-mobile__width-inherit elementor-invisible elementor-widget elementor-widget-divider\" data-id=\"f2780cf\" data-element_type=\"widget\" data-e-type=\"widget\" data-settings=\"{&quot;_animation&quot;:&quot;fadeIn&quot;,&quot;_animation_delay&quot;:&quot;200&quot;}\" data-widget_type=\"divider.default\">\n\t\t\t\t<div class=\"elementor-widget-container\">\n\t\t\t\t\t\t\t<div class=\"elementor-divider\">\n\t\t\t<span class=\"elementor-divider-separator\">\n\t\t\t\t\t\t\t<span class=\"elementor-divider__text elementor-divider__element\">\n\t\t\t\t01\t\t\t\t<\/span>\n\t\t\t\t\t\t<\/span>\n\t\t<\/div>\n\t\t\t\t\t\t<\/div>\n\t\t\t\t<\/div>\n\t\t\t\t<div class=\"elementor-element elementor-element-3ef09710 elementor-invisible elementor-widget elementor-widget-icon-box\" data-id=\"3ef09710\" data-element_type=\"widget\" data-e-type=\"widget\" data-settings=\"{&quot;_animation&quot;:&quot;fadeInUp&quot;}\" data-widget_type=\"icon-box.default\">\n\t\t\t\t<div class=\"elementor-widget-container\">\n\t\t\t\t\t\t\t<div class=\"elementor-icon-box-wrapper\">\n\n\t\t\t\n\t\t\t\t\t\t<div class=\"elementor-icon-box-content\">\n\n\t\t\t\t\t\t\t\t\t<h3 class=\"elementor-icon-box-title\">\n\t\t\t\t\t\t<span  >\n\t\t\t\t\t\t\tNotre localisation\t\t\t\t\t\t<\/span>\n\t\t\t\t\t<\/h3>\n\t\t\t\t\n\t\t\t\t\t\t\t\t\t<p class=\"elementor-icon-box-description\">\n\t\t\t\t\t\tB&amp;B Favau, gelegen op 1,8 hectare groen met bos en een adembenemend uitzicht, is de perfecte plek om te ontsnappen aan de drukte van het dagelijks leven. <br><br>Notre emplacement clos offre paix et intimit\u00e9, tandis que la nature enrichit notre domaine avec des cerfs, des renards, des sangliers, des \u00e9cureuils et de nombreux oiseaux qui ornent r\u00e9guli\u00e8rement le paysage. Profitez du cadre magnifique, de la nature riche et des vues impressionnantes et d\u00e9couvrez la faune et la flore que nous avons rep\u00e9r\u00e9es ici.\t\t\t\t\t<\/p>\n\t\t\t\t\n\t\t\t<\/div>\n\t\t\t\n\t\t<\/div>\n\t\t\t\t\t\t<\/div>\n\t\t\t\t<\/div>\n\t\t\t\t<div class=\"elementor-element elementor-element-ae3edc6 elementor-widget__width-initial animated-slow elementor-widget-divider--view-line_text elementor-widget-divider--element-align-left elementor-widget-mobile__width-inherit elementor-hidden-desktop elementor-invisible elementor-widget elementor-widget-divider\" data-id=\"ae3edc6\" data-element_type=\"widget\" data-e-type=\"widget\" data-settings=\"{&quot;_animation&quot;:&quot;fadeIn&quot;,&quot;_animation_delay&quot;:&quot;200&quot;}\" data-widget_type=\"divider.default\">\n\t\t\t\t<div class=\"elementor-widget-container\">\n\t\t\t\t\t\t\t<div class=\"elementor-divider\">\n\t\t\t<span class=\"elementor-divider-separator\">\n\t\t\t\t\t\t\t<span class=\"elementor-divider__text elementor-divider__element\">\n\t\t\t\t02\t\t\t\t<\/span>\n\t\t\t\t\t\t<\/span>\n\t\t<\/div>\n\t\t\t\t\t\t<\/div>\n\t\t\t\t<\/div>\n\t\t\t\t<div class=\"elementor-element elementor-element-b3e71e7 elementor-hidden-desktop elementor-invisible elementor-widget elementor-widget-icon-box\" data-id=\"b3e71e7\" data-element_type=\"widget\" data-e-type=\"widget\" data-settings=\"{&quot;_animation&quot;:&quot;fadeInUp&quot;}\" data-widget_type=\"icon-box.default\">\n\t\t\t\t<div class=\"elementor-widget-container\">\n\t\t\t\t\t\t\t<div class=\"elementor-icon-box-wrapper\">\n\n\t\t\t\n\t\t\t\t\t\t<div class=\"elementor-icon-box-content\">\n\n\t\t\t\t\t\t\t\t\t<h3 class=\"elementor-icon-box-title\">\n\t\t\t\t\t\t<span  >\n\t\t\t\t\t\t\tAcc\u00e8s et stationnement\t\t\t\t\t\t<\/span>\n\t\t\t\t\t<\/h3>\n\t\t\t\t\n\t\t\t\t\t\t\t\t\t<p class=\"elementor-icon-box-description\">\n\t\t\t\t\t\tL'acc\u00e8s \u00e0 notre propri\u00e9t\u00e9 est facile gr\u00e2ce \u00e0 un portail \u00e9lectrique avec t\u00e9l\u00e9commande, ce qui renforce la s\u00e9curit\u00e9 et la commodit\u00e9. Notre parking priv\u00e9 est situ\u00e9 sur le site, de sorte que votre voiture est gar\u00e9e en toute s\u00e9curit\u00e9 et \u00e0 proximit\u00e9. <br><br>Les v\u00e9los peuvent \u00eatre gar\u00e9s en toute s\u00e9curit\u00e9 dans notre garage souterrain, ce qui vous permet de profiter de la r\u00e9gion en toute tranquillit\u00e9.\t\t\t\t\t<\/p>\n\t\t\t\t\n\t\t\t<\/div>\n\t\t\t\n\t\t<\/div>\n\t\t\t\t\t\t<\/div>\n\t\t\t\t<\/div>\n\t\t\t\t<div class=\"elementor-element elementor-element-1a7ae434 elementor-widget__width-initial animated-slow elementor-widget-divider--view-line_text elementor-widget-divider--element-align-left elementor-widget-mobile__width-inherit elementor-invisible elementor-widget elementor-widget-divider\" data-id=\"1a7ae434\" data-element_type=\"widget\" data-e-type=\"widget\" data-settings=\"{&quot;_animation&quot;:&quot;fadeIn&quot;,&quot;_animation_delay&quot;:&quot;200&quot;}\" data-widget_type=\"divider.default\">\n\t\t\t\t<div class=\"elementor-widget-container\">\n\t\t\t\t\t\t\t<div class=\"elementor-divider\">\n\t\t\t<span class=\"elementor-divider-separator\">\n\t\t\t\t\t\t\t<span class=\"elementor-divider__text elementor-divider__element\">\n\t\t\t\t03\t\t\t\t<\/span>\n\t\t\t\t\t\t<\/span>\n\t\t<\/div>\n\t\t\t\t\t\t<\/div>\n\t\t\t\t<\/div>\n\t\t\t\t<div class=\"elementor-element elementor-element-25307e8 elementor-invisible elementor-widget elementor-widget-icon-box\" data-id=\"25307e8\" data-element_type=\"widget\" data-e-type=\"widget\" data-settings=\"{&quot;_animation&quot;:&quot;fadeInUp&quot;}\" data-widget_type=\"icon-box.default\">\n\t\t\t\t<div class=\"elementor-widget-container\">\n\t\t\t\t\t\t\t<div class=\"elementor-icon-box-wrapper\">\n\n\t\t\t\n\t\t\t\t\t\t<div class=\"elementor-icon-box-content\">\n\n\t\t\t\t\t\t\t\t\t<h3 class=\"elementor-icon-box-title\">\n\t\t\t\t\t\t<span  >\n\t\t\t\t\t\t\tNos infrastructures\t\t\t\t\t\t<\/span>\n\t\t\t\t\t<\/h3>\n\t\t\t\t\n\t\t\t\t\t\t\t\t\t<p class=\"elementor-icon-box-description\">\n\t\t\t\t\t\tProfitez de notre piscine (5m x 10m, 1,7m de profondeur) et d\u00e9tendez-vous sur les chaises longues, les chaises de jardin et sous les parasols install\u00e9s autour de la piscine. <br><br>Pour votre confort, des serviettes de plage, des serviettes de bain et des essuie-mains vous attendent pour gagner de la place dans vos bagages. <br><br>Nous avons \u00e9galement un lit b\u00e9b\u00e9 disponible pour 20 \u20ac\/nuit.\t\t\t\t\t<\/p>\n\t\t\t\t\n\t\t\t<\/div>\n\t\t\t\n\t\t<\/div>\n\t\t\t\t\t\t<\/div>\n\t\t\t\t<\/div>\n\t\t\t\t<div class=\"elementor-element elementor-element-6a47e8e elementor-widget__width-initial animated-slow elementor-widget-divider--view-line_text elementor-widget-divider--element-align-left elementor-widget-mobile__width-inherit elementor-hidden-desktop elementor-invisible elementor-widget elementor-widget-divider\" data-id=\"6a47e8e\" data-element_type=\"widget\" data-e-type=\"widget\" data-settings=\"{&quot;_animation&quot;:&quot;fadeIn&quot;,&quot;_animation_delay&quot;:&quot;200&quot;}\" data-widget_type=\"divider.default\">\n\t\t\t\t<div class=\"elementor-widget-container\">\n\t\t\t\t\t\t\t<div class=\"elementor-divider\">\n\t\t\t<span class=\"elementor-divider-separator\">\n\t\t\t\t\t\t\t<span class=\"elementor-divider__text elementor-divider__element\">\n\t\t\t\t04\t\t\t\t<\/span>\n\t\t\t\t\t\t<\/span>\n\t\t<\/div>\n\t\t\t\t\t\t<\/div>\n\t\t\t\t<\/div>\n\t\t\t\t<div class=\"elementor-element elementor-element-2a4615e elementor-hidden-desktop elementor-invisible elementor-widget elementor-widget-icon-box\" data-id=\"2a4615e\" data-element_type=\"widget\" data-e-type=\"widget\" data-settings=\"{&quot;_animation&quot;:&quot;fadeInUp&quot;}\" data-widget_type=\"icon-box.default\">\n\t\t\t\t<div class=\"elementor-widget-container\">\n\t\t\t\t\t\t\t<div class=\"elementor-icon-box-wrapper\">\n\n\t\t\t\n\t\t\t\t\t\t<div class=\"elementor-icon-box-content\">\n\n\t\t\t\t\t\t\t\t\t<h3 class=\"elementor-icon-box-title\">\n\t\t\t\t\t\t<span  >\n\t\t\t\t\t\t\tProfiter des soir\u00e9es\t\t\t\t\t\t<\/span>\n\t\t\t\t\t<\/h3>\n\t\t\t\t\n\t\t\t\t\t\t\t\t\t<p class=\"elementor-icon-box-description\">\n\t\t\t\t\t\tLe soir, d\u00e9tendez-vous sur notre terrasse couverte, o\u00f9 vous pourrez discuter en toute tranquillit\u00e9. D\u00e9gustez une savoureuse planche de tapas, accompagn\u00e9e d'une boisson rafra\u00eechissante de votre choix. <br><br>C'est la fin id\u00e9ale d'une journ\u00e9e de d\u00e9tente, o\u00f9 l'on peut profiter de l'atmosph\u00e8re paisible et des vues magnifiques qui s'offrent \u00e0 nous. C'est le moment id\u00e9al pour profiter d'une bonne compagnie et de la tranquillit\u00e9 de la nature.\t\t\t\t\t<\/p>\n\t\t\t\t\n\t\t\t<\/div>\n\t\t\t\n\t\t<\/div>\n\t\t\t\t\t\t<\/div>\n\t\t\t\t<\/div>\n\t\t\t\t<div class=\"elementor-element elementor-element-bb62018 elementor-widget__width-initial animated-slow elementor-widget-divider--view-line_text elementor-widget-divider--element-align-left elementor-widget-mobile__width-inherit elementor-invisible elementor-widget elementor-widget-divider\" data-id=\"bb62018\" data-element_type=\"widget\" data-e-type=\"widget\" data-settings=\"{&quot;_animation&quot;:&quot;fadeIn&quot;,&quot;_animation_delay&quot;:&quot;200&quot;}\" data-widget_type=\"divider.default\">\n\t\t\t\t<div class=\"elementor-widget-container\">\n\t\t\t\t\t\t\t<div class=\"elementor-divider\">\n\t\t\t<span class=\"elementor-divider-separator\">\n\t\t\t\t\t\t\t<span class=\"elementor-divider__text elementor-divider__element\">\n\t\t\t\t05\t\t\t\t<\/span>\n\t\t\t\t\t\t<\/span>\n\t\t<\/div>\n\t\t\t\t\t\t<\/div>\n\t\t\t\t<\/div>\n\t\t\t\t<div class=\"elementor-element elementor-element-9d4bd2b elementor-invisible elementor-widget elementor-widget-icon-box\" data-id=\"9d4bd2b\" data-element_type=\"widget\" data-e-type=\"widget\" data-settings=\"{&quot;_animation&quot;:&quot;fadeInUp&quot;}\" data-widget_type=\"icon-box.default\">\n\t\t\t\t<div class=\"elementor-widget-container\">\n\t\t\t\t\t\t\t<div class=\"elementor-icon-box-wrapper\">\n\n\t\t\t\n\t\t\t\t\t\t<div class=\"elementor-icon-box-content\">\n\n\t\t\t\t\t\t\t\t\t<h3 class=\"elementor-icon-box-title\">\n\t\t\t\t\t\t<span  >\n\t\t\t\t\t\t\tNos offres culinaires\t\t\t\t\t\t<\/span>\n\t\t\t\t\t<\/h3>\n\t\t\t\t\n\t\t\t\t\t\t\t\t\t<p class=\"elementor-icon-box-description\">\n\t\t\t\t\t\tChez nous, vous pouvez d\u00e9guster un d\u00e9licieux repas dans une atmosph\u00e8re chaleureuse, o\u00f9 nous proposons une s\u00e9lection vari\u00e9e de plats. De la savoureuse salade de fromage de ch\u00e8vre aux spaghettis classiques, en passant par un croque-monsieur croustillant et un barbecue chaleureux. <br><br>Un d\u00e9licieux plateau de fromages est \u00e9galement disponible pour les amateurs de fromage. C'est le moment id\u00e9al pour d\u00eener ensemble et appr\u00e9cier la bonne cuisine dans une atmosph\u00e8re d\u00e9tendue.\t\t\t\t\t<\/p>\n\t\t\t\t\n\t\t\t<\/div>\n\t\t\t\n\t\t<\/div>\n\t\t\t\t\t\t<\/div>\n\t\t\t\t<\/div>\n\t\t\t\t<\/div>\n\t\t<div class=\"elementor-element elementor-element-3fec1bf4 e-con-full elementor-hidden-tablet elementor-hidden-mobile e-flex e-con e-child\" data-id=\"3fec1bf4\" data-element_type=\"container\" data-e-type=\"container\">\n\t\t\t\t<div class=\"elementor-element elementor-element-15bf9c99 elementor-widget__width-initial animated-slow elementor-widget-divider--view-line_text elementor-widget-divider--element-align-left elementor-widget-mobile__width-inherit elementor-invisible elementor-widget elementor-widget-divider\" data-id=\"15bf9c99\" data-element_type=\"widget\" data-e-type=\"widget\" data-settings=\"{&quot;_animation&quot;:&quot;fadeIn&quot;,&quot;_animation_delay&quot;:&quot;200&quot;}\" data-widget_type=\"divider.default\">\n\t\t\t\t<div class=\"elementor-widget-container\">\n\t\t\t\t\t\t\t<div class=\"elementor-divider\">\n\t\t\t<span class=\"elementor-divider-separator\">\n\t\t\t\t\t\t\t<span class=\"elementor-divider__text elementor-divider__element\">\n\t\t\t\t02\t\t\t\t<\/span>\n\t\t\t\t\t\t<\/span>\n\t\t<\/div>\n\t\t\t\t\t\t<\/div>\n\t\t\t\t<\/div>\n\t\t\t\t<div class=\"elementor-element elementor-element-f1ed0c9 elementor-invisible elementor-widget elementor-widget-icon-box\" data-id=\"f1ed0c9\" data-element_type=\"widget\" data-e-type=\"widget\" data-settings=\"{&quot;_animation&quot;:&quot;fadeInUp&quot;}\" data-widget_type=\"icon-box.default\">\n\t\t\t\t<div class=\"elementor-widget-container\">\n\t\t\t\t\t\t\t<div class=\"elementor-icon-box-wrapper\">\n\n\t\t\t\n\t\t\t\t\t\t<div class=\"elementor-icon-box-content\">\n\n\t\t\t\t\t\t\t\t\t<h3 class=\"elementor-icon-box-title\">\n\t\t\t\t\t\t<span  >\n\t\t\t\t\t\t\tAcc\u00e8s et stationnement\t\t\t\t\t\t<\/span>\n\t\t\t\t\t<\/h3>\n\t\t\t\t\n\t\t\t\t\t\t\t\t\t<p class=\"elementor-icon-box-description\">\n\t\t\t\t\t\tL'acc\u00e8s \u00e0 notre propri\u00e9t\u00e9 est facile gr\u00e2ce \u00e0 un portail \u00e9lectrique avec t\u00e9l\u00e9commande, ce qui renforce la s\u00e9curit\u00e9 et la commodit\u00e9. Notre parking priv\u00e9 est situ\u00e9 sur le site, de sorte que votre voiture est gar\u00e9e en toute s\u00e9curit\u00e9 et \u00e0 proximit\u00e9. <br><br>Les v\u00e9los peuvent \u00eatre gar\u00e9s en toute s\u00e9curit\u00e9 dans notre garage souterrain, ce qui vous permet de profiter de la r\u00e9gion en toute tranquillit\u00e9.\t\t\t\t\t<\/p>\n\t\t\t\t\n\t\t\t<\/div>\n\t\t\t\n\t\t<\/div>\n\t\t\t\t\t\t<\/div>\n\t\t\t\t<\/div>\n\t\t\t\t<div class=\"elementor-element elementor-element-3f1a2ee1 elementor-widget__width-initial animated-slow elementor-widget-divider--view-line_text elementor-widget-divider--element-align-left elementor-widget-mobile__width-inherit elementor-invisible elementor-widget elementor-widget-divider\" data-id=\"3f1a2ee1\" data-element_type=\"widget\" data-e-type=\"widget\" data-settings=\"{&quot;_animation&quot;:&quot;fadeIn&quot;,&quot;_animation_delay&quot;:&quot;200&quot;}\" data-widget_type=\"divider.default\">\n\t\t\t\t<div class=\"elementor-widget-container\">\n\t\t\t\t\t\t\t<div class=\"elementor-divider\">\n\t\t\t<span class=\"elementor-divider-separator\">\n\t\t\t\t\t\t\t<span class=\"elementor-divider__text elementor-divider__element\">\n\t\t\t\t04\t\t\t\t<\/span>\n\t\t\t\t\t\t<\/span>\n\t\t<\/div>\n\t\t\t\t\t\t<\/div>\n\t\t\t\t<\/div>\n\t\t\t\t<div class=\"elementor-element elementor-element-0ba346f elementor-invisible elementor-widget elementor-widget-icon-box\" data-id=\"0ba346f\" data-element_type=\"widget\" data-e-type=\"widget\" data-settings=\"{&quot;_animation&quot;:&quot;fadeInUp&quot;}\" data-widget_type=\"icon-box.default\">\n\t\t\t\t<div class=\"elementor-widget-container\">\n\t\t\t\t\t\t\t<div class=\"elementor-icon-box-wrapper\">\n\n\t\t\t\n\t\t\t\t\t\t<div class=\"elementor-icon-box-content\">\n\n\t\t\t\t\t\t\t\t\t<h3 class=\"elementor-icon-box-title\">\n\t\t\t\t\t\t<span  >\n\t\t\t\t\t\t\tProfiter des soir\u00e9es\t\t\t\t\t\t<\/span>\n\t\t\t\t\t<\/h3>\n\t\t\t\t\n\t\t\t\t\t\t\t\t\t<p class=\"elementor-icon-box-description\">\n\t\t\t\t\t\tLe soir, d\u00e9tendez-vous sur notre terrasse couverte, o\u00f9 vous pourrez discuter en toute tranquillit\u00e9. D\u00e9gustez une savoureuse planche de tapas, accompagn\u00e9e d'une boisson rafra\u00eechissante de votre choix. <br><br>C'est la fin id\u00e9ale d'une journ\u00e9e de d\u00e9tente, o\u00f9 l'on peut profiter de l'atmosph\u00e8re paisible et des vues magnifiques qui s'offrent \u00e0 nous. C'est le moment id\u00e9al pour profiter d'une bonne compagnie et de la tranquillit\u00e9 de la nature.\t\t\t\t\t<\/p>\n\t\t\t\t\n\t\t\t<\/div>\n\t\t\t\n\t\t<\/div>\n\t\t\t\t\t\t<\/div>\n\t\t\t\t<\/div>\n\t\t\t\t<\/div>\n\t\t\t\t\t<\/div>\n\t\t\t\t<\/div>\n\t\t\t\t<\/div>","protected":false},"excerpt":{"rendered":"<p>Welkom bij B&amp;B Favau praktisch 01 Onze locatie B&#038;B Favau, gelegen op 1,8 hectare groen met bos en een adembenemend uitzicht, is de perfecte plek om te ontsnappen aan de drukte van het dagelijks leven. Onze omheinde locatie biedt rust en privacy, terwijl de natuur ons domein verrijkt met herten, vossen, everzwijnen, eekhoorntjes en tal [&hellip;]<\/p>\n","protected":false},"author":1,"featured_media":0,"parent":0,"menu_order":0,"comment_status":"closed","ping_status":"closed","template":"","meta":{"footnotes":""},"class_list":["post-265","page","type-page","status-publish","hentry"],"_links":{"self":[{"href":"https:\/\/bbfavau.com\/fr\/wp-json\/wp\/v2\/pages\/265","targetHints":{"allow":["GET"]}}],"collection":[{"href":"https:\/\/bbfavau.com\/fr\/wp-json\/wp\/v2\/pages"}],"about":[{"href":"https:\/\/bbfavau.com\/fr\/wp-json\/wp\/v2\/types\/page"}],"author":[{"embeddable":true,"href":"https:\/\/bbfavau.com\/fr\/wp-json\/wp\/v2\/users\/1"}],"replies":[{"embeddable":true,"href":"https:\/\/bbfavau.com\/fr\/wp-json\/wp\/v2\/comments?post=265"}],"version-history":[{"count":39,"href":"https:\/\/bbfavau.com\/fr\/wp-json\/wp\/v2\/pages\/265\/revisions"}],"predecessor-version":[{"id":757,"href":"https:\/\/bbfavau.com\/fr\/wp-json\/wp\/v2\/pages\/265\/revisions\/757"}],"wp:attachment":[{"href":"https:\/\/bbfavau.com\/fr\/wp-json\/wp\/v2\/media?parent=265"}],"curies":[{"name":"wp","href":"https:\/\/api.w.org\/{rel}","templated":true}]}}