{"id":142,"date":"2025-01-29T10:01:33","date_gmt":"2025-01-29T10:01:33","guid":{"rendered":"https:\/\/bbfavau.com\/?page_id=142"},"modified":"2025-02-17T22:02:31","modified_gmt":"2025-02-17T21:02:31","slug":"propos-de-nous","status":"publish","type":"page","link":"https:\/\/bbfavau.com\/fr\/over-ons\/","title":{"rendered":""},"content":{"rendered":"<div data-elementor-type=\"wp-page\" data-elementor-id=\"142\" class=\"elementor elementor-142\" data-elementor-post-type=\"page\">\n\t\t\t\t<div class=\"elementor-element elementor-element-fd2a574 e-flex e-con-boxed e-con e-parent\" data-id=\"fd2a574\" data-element_type=\"container\" data-e-type=\"container\" data-settings=\"{&quot;background_background&quot;:&quot;classic&quot;}\">\n\t\t\t\t\t<div class=\"e-con-inner\">\n\t\t<div class=\"elementor-element elementor-element-aaa549a e-flex e-con-boxed e-con e-child\" data-id=\"aaa549a\" data-element_type=\"container\" data-e-type=\"container\">\n\t\t\t\t\t<div class=\"e-con-inner\">\n\t\t\t\t<div class=\"elementor-element elementor-element-bafac1d animated-slow elementor-invisible elementor-widget elementor-widget-heading\" data-id=\"bafac1d\" data-element_type=\"widget\" data-e-type=\"widget\" data-settings=\"{&quot;_animation&quot;:&quot;slideInUp&quot;}\" data-widget_type=\"heading.default\">\n\t\t\t\t<div class=\"elementor-widget-container\">\n\t\t\t\t\t<h2 class=\"elementor-heading-title elementor-size-default\">Patrick &amp; Marcia<\/h2>\t\t\t\t<\/div>\n\t\t\t\t<\/div>\n\t\t\t\t<div class=\"elementor-element elementor-element-d67c098 animated-slow elementor-invisible elementor-widget elementor-widget-heading\" data-id=\"d67c098\" data-element_type=\"widget\" data-e-type=\"widget\" data-settings=\"{&quot;_animation&quot;:&quot;slideInUp&quot;}\" data-widget_type=\"heading.default\">\n\t\t\t\t<div class=\"elementor-widget-container\">\n\t\t\t\t\t<h2 class=\"elementor-heading-title elementor-size-default\">A propos de nous<\/h2>\t\t\t\t<\/div>\n\t\t\t\t<\/div>\n\t\t\t\t\t<\/div>\n\t\t\t\t<\/div>\n\t\t\t\t\t<\/div>\n\t\t\t\t<\/div>\n\t\t<div class=\"elementor-element elementor-element-5442f924 e-flex e-con-boxed e-con e-parent\" data-id=\"5442f924\" data-element_type=\"container\" data-e-type=\"container\" data-settings=\"{&quot;background_background&quot;:&quot;classic&quot;}\">\n\t\t\t\t\t<div class=\"e-con-inner\">\n\t\t<div class=\"elementor-element elementor-element-20c3923c e-con-full e-flex e-con e-child\" data-id=\"20c3923c\" data-element_type=\"container\" data-e-type=\"container\">\n\t\t<div class=\"elementor-element elementor-element-4dcde5ac animated-slow e-con-full e-flex elementor-invisible e-con e-child\" data-id=\"4dcde5ac\" data-element_type=\"container\" data-e-type=\"container\" data-settings=\"{&quot;background_background&quot;:&quot;classic&quot;,&quot;animation&quot;:&quot;fadeInUp&quot;,&quot;animation_delay&quot;:600}\">\n\t\t\t\t<\/div>\n\t\t<div class=\"elementor-element elementor-element-68b1b679 e-con-full e-flex e-con e-child\" data-id=\"68b1b679\" data-element_type=\"container\" data-e-type=\"container\">\n\t\t\t\t<div class=\"elementor-element elementor-element-02ac02f animated-slow elementor-invisible elementor-widget elementor-widget-heading\" data-id=\"02ac02f\" data-element_type=\"widget\" data-e-type=\"widget\" data-settings=\"{&quot;_animation&quot;:&quot;slideInUp&quot;}\" data-widget_type=\"heading.default\">\n\t\t\t\t<div class=\"elementor-widget-container\">\n\t\t\t\t\t<h2 class=\"elementor-heading-title elementor-size-default\">Bienvenue \u00e0 B&amp;B Favau !<\/h2>\t\t\t\t<\/div>\n\t\t\t\t<\/div>\n\t\t\t\t<div class=\"elementor-element elementor-element-8c4af3c elementor-widget elementor-widget-text-editor\" data-id=\"8c4af3c\" data-element_type=\"widget\" data-e-type=\"widget\" data-widget_type=\"text-editor.default\">\n\t\t\t\t<div class=\"elementor-widget-container\">\n\t\t\t\t\t\t\t\t\t<p>Bienvenue au B&amp;B Favau ! Nous sommes Patrick et Marcia, Belges de Flandre occidentale et fiers propri\u00e9taires de cet endroit unique que nous avons am\u00e9nag\u00e9 avec beaucoup d'amour et de soin. Depuis que nous avons ouvert nos portes le 1er juillet 2024, notre passion est d'accueillir les visiteurs et de leur offrir une exp\u00e9rience inoubliable au c\u0153ur de la nature.<\/p><p>Notre B&amp;B n'est pas seulement un lieu d'h\u00e9bergement, mais un v\u00e9ritable point de d\u00e9part pour profiter de tout ce que la r\u00e9gion a \u00e0 offrir. Depuis le cadre paisible et son paysage verdoyant jusqu'au confort de nos chambres et \u00e0 l'atmosph\u00e8re accueillante que nous cr\u00e9ons. Nous croyons en la qualit\u00e9 avec une touche personnelle, et cela se refl\u00e8te dans tout ce que nous faisons.<\/p><p>Amoureux de la nature, nous avons trouv\u00e9 l'endroit r\u00eav\u00e9 \u00e0 Villeneuve-sur-Lot, entour\u00e9 de 1,8 hectare de verdure, avec une vue imprenable et beaucoup d'intimit\u00e9. Mais il n'y a pas que la nature, nous tenons aussi \u00e0 offrir \u00e0 nos h\u00f4tes un lieu de paix et de confort, o\u00f9 l'on peut se d\u00e9tendre, se ressourcer et se cr\u00e9er de nouveaux souvenirs.<\/p><p>Il est important pour nous que vous vous sentiez comme chez vous et c'est ce que nous essayons de faire dans tout ce que nous entreprenons. Qu'il s'agisse de notre petit-d\u00e9jeuner maison, de notre service personnalis\u00e9 ou de nos conseils utiles sur la r\u00e9gion, nous voulons que chaque client vive une exp\u00e9rience unique au B&amp;B Favau.<\/p><p>Nous sommes impatients de vous accueillir et de profiter ensemble de tout ce que cette belle r\u00e9gion a \u00e0 offrir.<\/p><p>Avec nos salutations les plus sinc\u00e8res<br \/><strong>Marcia &amp; Patrick<\/strong><br \/>B&amp;B Favau<\/p>\t\t\t\t\t\t\t\t<\/div>\n\t\t\t\t<\/div>\n\t\t\t\t<\/div>\n\t\t\t\t<\/div>\n\t\t\t\t\t<\/div>\n\t\t\t\t<\/div>\n\t\t\t\t<\/div>","protected":false},"excerpt":{"rendered":"<p>Patrick &amp; Marcia over ons Welkom bij B&amp;B Favau! Welkom bij B&amp;B Favau! Wij zijn Patrick en Marcia, West-Vlaamse Belgen en trotse eigenaars van deze unieke plek die we met veel liefde en zorg hebben opgezet. Sinds we op 1 juli 2024 onze deuren openden, is het onze passie om bezoekers te verwelkomen en ze [&hellip;]<\/p>\n","protected":false},"author":1,"featured_media":0,"parent":0,"menu_order":0,"comment_status":"closed","ping_status":"closed","template":"elementor_header_footer","meta":{"footnotes":""},"class_list":["post-142","page","type-page","status-publish","hentry"],"_links":{"self":[{"href":"https:\/\/bbfavau.com\/fr\/wp-json\/wp\/v2\/pages\/142","targetHints":{"allow":["GET"]}}],"collection":[{"href":"https:\/\/bbfavau.com\/fr\/wp-json\/wp\/v2\/pages"}],"about":[{"href":"https:\/\/bbfavau.com\/fr\/wp-json\/wp\/v2\/types\/page"}],"author":[{"embeddable":true,"href":"https:\/\/bbfavau.com\/fr\/wp-json\/wp\/v2\/users\/1"}],"replies":[{"embeddable":true,"href":"https:\/\/bbfavau.com\/fr\/wp-json\/wp\/v2\/comments?post=142"}],"version-history":[{"count":42,"href":"https:\/\/bbfavau.com\/fr\/wp-json\/wp\/v2\/pages\/142\/revisions"}],"predecessor-version":[{"id":713,"href":"https:\/\/bbfavau.com\/fr\/wp-json\/wp\/v2\/pages\/142\/revisions\/713"}],"wp:attachment":[{"href":"https:\/\/bbfavau.com\/fr\/wp-json\/wp\/v2\/media?parent=142"}],"curies":[{"name":"wp","href":"https:\/\/api.w.org\/{rel}","templated":true}]}}